{"id":530,"date":"2023-09-19T12:09:54","date_gmt":"2023-09-19T10:09:54","guid":{"rendered":"https:\/\/catalunyapadelclub.evotic.pe\/politica-de-privacidad\/"},"modified":"2023-10-26T16:02:05","modified_gmt":"2023-10-26T14:02:05","slug":"politica-de-privadesa","status":"publish","type":"page","link":"https:\/\/catalunyapadelclub.evotic.pe\/ca\/politica-de-privadesa\/","title":{"rendered":"Pol\u00edtica de privadesa"},"content":{"rendered":"<p>[et_pb_section fb_built=&#8221;1&#8243; _builder_version=&#8221;4.22.1&#8243; _module_preset=&#8221;default&#8221; global_colors_info=&#8221;{}&#8221;][et_pb_row _builder_version=&#8221;4.22.1&#8243; _module_preset=&#8221;default&#8221; global_colors_info=&#8221;{}&#8221;][et_pb_column type=&#8221;4_4&#8243; _builder_version=&#8221;4.22.1&#8243; _module_preset=&#8221;default&#8221; global_colors_info=&#8221;{}&#8221;][et_pb_text admin_label=&#8221;Pol\u00edtica de privadesa&#8221; _builder_version=&#8221;4.22.1&#8243; _module_preset=&#8221;default&#8221; hover_enabled=&#8221;0&#8243; global_colors_info=&#8221;{}&#8221; sticky_enabled=&#8221;0&#8243;]<\/p>\n<h2>POLITICA DE PRIVACIDAD WEB<\/h2>\n<p>CATALUNYA PADEL CLUB SANTA PERPETUA S.L. pone a disposici\u00f3n de los usuarios de la p\u00e1gina web ubicada en la URL [http:\/\/www.catalunyapadelclub.com] (en adelante, tambi\u00e9n el Sitio Web) la presente Pol\u00edtica de Privacidad, con la finalidad de ofrecer informaci\u00f3n sobre c\u00f3mo tratamos sus datos personales y protegemos su privacidad e informaci\u00f3n. CATALUNYA PADEL CLUB SANTA PERPETUA S.L. solicita al usuario que dedique unos minutos a leer con detenimiento la presente Pol\u00edtica de Privacidad.<\/p>\n<p>Esta Pol\u00edtica de Privacidad podr\u00e1 ser modificada cuando resulte necesario. En caso de introducirse modificaciones, se lo comunicaremos a trav\u00e9s de la p\u00e1gina web o bien por otros medios, con la finalidad de que pueda conocer las nuevas condiciones de Privacidad. El hecho de continuar haciendo uso de las funcionalidades puestas a disposici\u00f3n por CATALUNYA PADEL CLUB SANTA PERPETUA S.L. despu\u00e9s de haberle notificado las referidas modificaciones supondr\u00e1 que est\u00e1 de acuerdo con las mismas, salvo para los supuestos en los que sea necesario su consentimiento expreso.<\/p>\n<h4>\u00bfQui\u00e9n es el Responsable del tratamiento de sus datos personales?<\/h4>\n<p>El responsable del tratamiento de los datos personales es la entidad CATALUNYA PADEL CLUB SANTA PERPETUA S.L., establecida en Passeig de la Florida n\u00ba39, Santa Perpetua de la Mogoda (8130) Barcelona. Para garantizar la adecuada gesti\u00f3n en el tratamiento de sus datos CATALUNYA PADEL CLUB SANTA PERPETUA S.L. tiene designado un Delegado de Protecci\u00f3n de Datos, a quien podr\u00e1 dirigirse para cualquier cuesti\u00f3n que precise y con quien puede contactar en la direcci\u00f3n electr\u00f3nica info@catalunyapadelclub.com<\/p>\n<h4>\u00bfCon qu\u00e9 finalidad tratamos sus datos personales?<\/h4>\n<p>Los datos personales que sean facilitados por los usuarios de la presente p\u00e1gina web ser\u00e1n tratados para las siguientes finalidades:<\/p>\n<ol>\n<li>Contacto y gesti\u00f3n de usuarios de los sitios web: Los datos personales de los usuarios que contactan con CATALUNYA PADEL CLUB SANTA PERPETUA S.L., ser\u00e1n tratados con la finalidad de gestionar dicho contacto, atender las solicitudes recibidas a trav\u00e9s de los mismos y prestar los servicios requeridos, como puede ser en su caso, prestar servicios de atenci\u00f3n al interesado.<\/li>\n<li>Comunicaciones comerciales, promocionales o publicitarias de productos y servicios propios de CATALUNYA PADEL CLUB SANTA PERPETUA S.L.: Los datos personales de los usuarios podr\u00e1n ser tratados por CATALUNYA PADEL CLUB SANTA PERPETUA S.L. con la finalidad de remitir informaci\u00f3n publicitaria, promocional o que pudiera resultar de su inter\u00e9s, exclusivamente en caso de que el usuario hubiera consentido tal finalidad de tratamiento de datos, mediante la aceptaci\u00f3n expresa de la casilla de comunicaciones comerciales, promocionales o publicitarias.<br \/>El usuario podr\u00e1 oponerse en cualquier momento a la finalidad de tratamiento de sus datos con fines publicitarios o promocionales por parte de CATALUNYA PADEL CLUB SANTA PERPETUA S.L., utilizando los canales habilitados para ello por CATALUNYA PADEL CLUB SANTA \u00a0ERPETUA S.L., seg\u00fan se detalla en el apartado \u00bfCu\u00e1les son sus derechos sobre sus datos personales?<\/li>\n<\/ol>\n<h4>\u00bfQu\u00e9 datos son tratados por CATALUNYA PADEL CLUB SANTA PERPETUA S.L. y de qu\u00e9 fuentes proceden?<\/h4>\n<p>Los datos que CATALUNYA PADEL CLUB SANTA PERPETUA S.L. trata como consecuencia de las interacciones realizadas por el usuario a trav\u00e9s de nuestra p\u00e1gina web provienen de las siguientes fuentes:<\/p>\n<ul>\n<li>Datos aportados por el usuario mediante la cumplimentaci\u00f3n de los formularios puestos a disposici\u00f3n por CATALUNYA PADEL CLUB SANTA PERPETUA S.L.<\/li>\n<li>Datos generados como consecuencia del desarrollo, tramitaci\u00f3n y mantenimiento de la relaci\u00f3n entablada entre el usuario y CATALUNYA PADEL CLUB SANTA PERPETUA S.L.<\/li>\n<\/ul>\n<p>CATALUNYA PADEL CLUB SANTA PERPETUA S.L. podr\u00e1 tratar datos personales de las siguientes tipolog\u00edas, en funci\u00f3n de la relaci\u00f3n entablada con el usuario:<\/p>\n<ul>\n<li>Datos identificativos y de contacto (p.ej., nombre y apellidos, correo electr\u00f3nico, direcci\u00f3n postal, tel\u00e9fono, etc.).<\/li>\n<\/ul>\n<h4>\u00bfCu\u00e1l es la legitimaci\u00f3n legal para el tratamiento de sus datos por parte de CATALUNYA PADEL CLUB SANTA PERPETUA S.L.?<\/h4>\n<p>CATALUNYA PADEL CLUB SANTA PERPETUA S.L. trata los datos de car\u00e1cter personal facilitados por los usuarios de sus p\u00e1ginas web de acuerdo con las siguientes bases legitimadoras, en funci\u00f3n de la tipolog\u00eda de datos que sean facilitados por el usuario, as\u00ed como de las interacciones que el usuario entable con CATALUNYA PADEL CLUB SANTA PERPETUA S.L.:<\/p>\n<ol>\n<li style=\"list-style-type: none;\">\n<ol>\n<li>El tratamiento de sus datos para la finalidad de \u201cContacto\u201d se basa en la gesti\u00f3n y tramitaci\u00f3n de la relaci\u00f3n jur\u00eddica entablada entre el usuario y CATALUNYA PADEL CLUB SANTA PERPETUA S.L., es decir, en la gesti\u00f3n de su propia solicitud, en el mantenimiento del contacto entre las partes y, en su caso, en la prestaci\u00f3n del servicio que el usuario hubiera solicitado.<\/li>\n<li>El tratamiento de sus datos para la finalidad de \u201cComunicaciones comerciales, promocionales o publicitarias de productos y servicios propios de CATALUNYA PADEL CLUB SANTA PERPETUA S.L., se basa en el consentimiento del usuario.<\/li>\n<\/ol>\n<\/li>\n<\/ol>\n<h4>\u00bfA qui\u00e9n se comunican sus datos?<\/h4>\n<p>Sus datos personales no se comunicar\u00e1n a terceros.<\/p>\n<h4>\u00bfPor cu\u00e1nto tiempo conservamos sus datos?<\/h4>\n<p>Los datos personales ser\u00e1n conservados durante el tiempo que dure la relaci\u00f3n establecida con CATALUNYA PADEL CLUB SANTA PERPETUA S.L. as\u00ed como durante los plazos legales exigidos.<\/p>\n<h4>\u00bfQu\u00e9 debe garantizarnos al aportar sus datos de car\u00e1cter personal?<\/h4>\n<p>El usuario garantiza que los datos que aporte son verdaderos, exactos, completos y se encuentran actualizados, siendo responsable de cualquier da\u00f1o o perjuicio, directo o indirecto, que pudiera ocasionarse como consecuencia del incumplimiento de tal obligaci\u00f3n.<\/p>\n<p>En caso de que el usuario aporte datos pertenecientes a un tercero, garantiza que ha informado a dicho tercero de la totalidad de aspectos contenidos en la presente Pol\u00edtica de Privacidad y obtenido su consentimiento para facilitarnos sus datos para la finalidad de tratamiento de que se trate. CATALUNYA PADEL CLUB SANTA PERPETUA S.L. le informa que para aportar sus datos personales, de cualquier modo, a trav\u00e9s de nuestra p\u00e1gina web, debe ser mayor de 16 a\u00f1os de edad. El usuario que proporciona datos a CATALUNYA PADEL CLUB SANTA PERPETUA S.L. mediante la presente p\u00e1gina web declara y garantiza ser mayor de 16 a\u00f1os de edad, responsabiliz\u00e1ndose enteramente de tal declaraci\u00f3n.<\/p>\n<h4>\u00bfQu\u00e9 medidas adoptamos para proteger sus datos personales?<\/h4>\n<p>En respuesta a la preocupaci\u00f3n de CATALUNYA PADEL CLUB SANTA PERPETUA S.L. por garantizar la seguridad y confidencialidad de sus datos, se han adoptado los niveles de seguridad requeridos para la protecci\u00f3n de los datos personales y se han instalado los medios t\u00e9cnicos a su alcance para evitar la p\u00e9rdida, mal uso, alteraci\u00f3n, acceso no autorizado y robo de los datos personales facilitados a trav\u00e9s del Sitio Web. En todo caso, debe tener en consideraci\u00f3n que las medidas de seguridad en Internet no son inexpugnables.<\/p>\n<h4>\u00bfCu\u00e1les son sus derechos sobre sus datos personales?<\/h4>\n<p>CATALUNYA PADEL CLUB SANTA PERPETUA S.L. le informa que tiene derecho a obtener confirmaci\u00f3n sobre si estamos tratando datos personales que le conciernen o no. Del mismo modo, CATALUNYA PADEL CLUB SANTA PERPETUA S.L. le informa que cuenta con los siguientes derechos sobre sus datos de car\u00e1cter personal:<\/p>\n<p><strong>Acceder a sus datos<\/strong>: Tiene derecho a acceder a sus datos para conocer qu\u00e9 datos personales estamos tratando que le conciernen.<\/p>\n<p><strong>Solicitar la rectificaci\u00f3n o supresi\u00f3n de sus datos<\/strong>: En determinadas circunstancias, tiene derecho a rectificar aquellos datos personales que considere inexactos y que le conciernan, y que sean objeto de tratamiento por parte de CATALUNYA PADEL CLUB SANTA PERPETUA S.L., as\u00ed como derecho a solicitar la supresi\u00f3n de sus datos cuando, entre otros motivos, los datos ya no fueran necesarios para los fines que fueron recogidos.<\/p>\n<p><strong>Solicitar la limitaci\u00f3n del tratamiento de sus datos<\/strong>: En determinadas circunstancias, tendr\u00e1 derecho a solicitarnos la limitaci\u00f3n del tratamiento de sus datos, en cuyo caso le informamos que \u00fanicamente conservaremos los datos sobre los que haya solicitado limitaci\u00f3n en el tratamiento para el ejercicio o defensa de reclamaciones.<\/p>\n<p><strong>A la portabilidad de sus datos<\/strong>: En determinadas circunstancias, tendr\u00e1 derecho a recibir los datos personales que le incumban, y que nos haya facilitado, en un formato estructurado de uso com\u00fan y lectura mec\u00e1nica, as\u00ed como a que sean transmitidos por parte de CATALUNYA PADEL CLUB SANTA PERPETUA S.L. a otro responsable del tratamiento.<\/p>\n<p><strong>Oponerse al tratamiento de sus datos<\/strong>: En determinadas circunstancias y por motivos relacionados con su situaci\u00f3n particular, tendr\u00e1 derecho a oponerse al tratamiento de sus datos en cuyo caso, dejar\u00edamos de tratarlos salvo que debamos continuar haci\u00e9ndolo por motivos leg\u00edtimos imperiosos o para el ejercicio o la defensa de posibles reclamaciones.<\/p>\n<p>Asimismo, le recordamos que tiene derecho a oponerse, en cualquier momento, al env\u00edo de publicidad de productos y servicios propios de CATALUNYA PADEL CLUB SANTA PERPETUA S.L.<\/p>\n<p>Finalmente, le informamos que podr\u00e1 presentar reclamaci\u00f3n ante la Autoridad de Control competente en materia de protecci\u00f3n de datos. No obstante, en primera instancia, podr\u00e1 presentar reclamaci\u00f3n ante el Delegado de Protecci\u00f3n de Datos, quien resolver\u00e1 la reclamaci\u00f3n en el plazo m\u00e1ximo de dos meses.<\/p>\n<h2>Cookies<\/h2>\n<p>Una cookies es un fichero que se instala en tu dispositivo cuando visitas p\u00e1ginas web. Dicho dispositivo recoge informaci\u00f3n sobre su dispositivo, tu navegador, tus preferencias y h\u00e1bitos de navegaci\u00f3n. Dicho tratamiento lo realizaremos de acuerdo con nuestra Pol\u00edtica de Cookies.<\/p>\n<h2>Detalles de contacto<\/h2>\n<p>Si tiene cualquier comentario, pregunta y sugerencia sobre la informaci\u00f3n de la presente pol\u00edtica de privacidad o cualquier otro aspecto relativo al tratamiento de sus datos, por favor p\u00f3ngase en contacto con:<br \/>CATALUNYA PADEL CLUB SANTA PERPETUA S.L.<br \/>Passeig de la Florida n\u00ba39, Santa Perpetua de la Mogoda (8130) Barcelona<br \/>Att. Data Protection Officer<br \/>Email: info@catalunyapadelclub.com<\/p>\n<p>[\/et_pb_text][\/et_pb_column][\/et_pb_row][\/et_pb_section]<\/p>\n","protected":false},"excerpt":{"rendered":"<p>POLITICA DE PRIVACIDAD WEB CATALUNYA PADEL CLUB SANTA PERPETUA S.L. pone a disposici\u00f3n de los usuarios de la p\u00e1gina web ubicada en la URL [http:\/\/www.catalunyapadelclub.com] (en adelante, tambi\u00e9n el Sitio Web) la presente Pol\u00edtica de Privacidad, con la finalidad de ofrecer informaci\u00f3n sobre c\u00f3mo tratamos sus datos personales y protegemos su privacidad e informaci\u00f3n. CATALUNYA [&hellip;]<\/p>\n","protected":false},"author":1,"featured_media":0,"parent":0,"menu_order":0,"comment_status":"closed","ping_status":"closed","template":"","meta":{"_et_pb_use_builder":"on","_et_pb_old_content":"","_et_gb_content_width":"","footnotes":""},"class_list":["post-530","page","type-page","status-publish","hentry"],"_links":{"self":[{"href":"https:\/\/catalunyapadelclub.evotic.pe\/ca\/wp-json\/wp\/v2\/pages\/530","targetHints":{"allow":["GET"]}}],"collection":[{"href":"https:\/\/catalunyapadelclub.evotic.pe\/ca\/wp-json\/wp\/v2\/pages"}],"about":[{"href":"https:\/\/catalunyapadelclub.evotic.pe\/ca\/wp-json\/wp\/v2\/types\/page"}],"author":[{"embeddable":true,"href":"https:\/\/catalunyapadelclub.evotic.pe\/ca\/wp-json\/wp\/v2\/users\/1"}],"replies":[{"embeddable":true,"href":"https:\/\/catalunyapadelclub.evotic.pe\/ca\/wp-json\/wp\/v2\/comments?post=530"}],"version-history":[{"count":3,"href":"https:\/\/catalunyapadelclub.evotic.pe\/ca\/wp-json\/wp\/v2\/pages\/530\/revisions"}],"predecessor-version":[{"id":690,"href":"https:\/\/catalunyapadelclub.evotic.pe\/ca\/wp-json\/wp\/v2\/pages\/530\/revisions\/690"}],"wp:attachment":[{"href":"https:\/\/catalunyapadelclub.evotic.pe\/ca\/wp-json\/wp\/v2\/media?parent=530"}],"curies":[{"name":"wp","href":"https:\/\/api.w.org\/{rel}","templated":true}]}}