{"id":561,"date":"2023-09-15T13:58:08","date_gmt":"2023-09-15T11:58:08","guid":{"rendered":"https:\/\/catalunyapadelclub.evotic.pe\/club\/"},"modified":"2023-10-26T13:58:30","modified_gmt":"2023-10-26T11:58:30","slug":"club","status":"publish","type":"page","link":"https:\/\/catalunyapadelclub.evotic.pe\/ca\/club\/","title":{"rendered":"Club"},"content":{"rendered":"<p>[et_pb_section fb_built=&#8221;1&#8243; _builder_version=&#8221;4.22.1&#8243; _module_preset=&#8221;default&#8221; global_colors_info=&#8221;{}&#8221;][et_pb_row _builder_version=&#8221;4.22.1&#8243; _module_preset=&#8221;default&#8221; width=&#8221;100%&#8221; width_tablet=&#8221;80%&#8221; width_phone=&#8221;80%&#8221; width_last_edited=&#8221;on|tablet&#8221; max_width=&#8221;1200px&#8221; global_colors_info=&#8221;{}&#8221;][et_pb_column type=&#8221;4_4&#8243; _builder_version=&#8221;4.22.1&#8243; _module_preset=&#8221;default&#8221; global_colors_info=&#8221;{}&#8221;][et_pb_text admin_label=&#8221;El Centre&#8221; _builder_version=&#8221;4.22.1&#8243; _module_preset=&#8221;default&#8221; custom_margin=&#8221;||10px||false|false&#8221; global_colors_info=&#8221;{}&#8221;]<\/p>\n<h6>El Centre<\/h6>\n<p>[\/et_pb_text][et_pb_text admin_label=&#8221;Catalunya P\u00e0del Club&#8221; _builder_version=&#8221;4.22.1&#8243; _module_preset=&#8221;default&#8221; header_2_font_size=&#8221;42px&#8221; custom_margin=&#8221;||10px||false|false&#8221; header_2_font_size_tablet=&#8221;32px&#8221; header_2_font_size_phone=&#8221;24px&#8221; header_2_font_size_last_edited=&#8221;on|phone&#8221; global_colors_info=&#8221;{}&#8221;]<\/p>\n<h2>Catalunya P\u00e0del Club<\/h2>\n<p>[\/et_pb_text][et_pb_text admin_label=&#8221;El teu club de ref\u00e8rencia&#8221; _builder_version=&#8221;4.22.1&#8243; _module_preset=&#8221;default&#8221; global_colors_info=&#8221;{}&#8221;]<\/p>\n<h6>El teu club de ref\u00e8rencia<\/h6>\n<p>[\/et_pb_text][\/et_pb_column][\/et_pb_row][\/et_pb_section][et_pb_section fb_built=&#8221;1&#8243; specialty=&#8221;on&#8221; disabled_on=&#8221;off|off|off&#8221; admin_label=&#8221;Secci\u00f3n&#8221; _builder_version=&#8221;4.22.1&#8243; _module_preset=&#8221;default&#8221; inner_width=&#8221;100%&#8221; inner_width_tablet=&#8221;80%&#8221; inner_width_phone=&#8221;80%&#8221; inner_width_last_edited=&#8221;on|tablet&#8221; inner_max_width=&#8221;1200px&#8221; hover_enabled=&#8221;0&#8243; global_colors_info=&#8221;{}&#8221; custom_padding=&#8221;0px||0px||false|false&#8221; sticky_enabled=&#8221;0&#8243;][et_pb_column type=&#8221;1_4&#8243; _builder_version=&#8221;4.16&#8243; custom_padding=&#8221;|||&#8221; global_colors_info=&#8221;{}&#8221; custom_padding__hover=&#8221;|||&#8221;][et_pb_text admin_label=&#8221;Avantatges del Club&#8221; _builder_version=&#8221;4.22.1&#8243; _module_preset=&#8221;default&#8221; global_colors_info=&#8221;{}&#8221;]<\/p>\n<h2>Avantatges del<br \/>Club<\/h2>\n<p>[\/et_pb_text][\/et_pb_column][et_pb_column type=&#8221;3_4&#8243; specialty_columns=&#8221;3&#8243; _builder_version=&#8221;4.16&#8243; custom_padding=&#8221;|||&#8221; global_colors_info=&#8221;{}&#8221; custom_padding__hover=&#8221;|||&#8221;][et_pb_row_inner column_structure=&#8221;1_3,1_3,1_3&#8243; _builder_version=&#8221;4.22.1&#8243; _module_preset=&#8221;default&#8221; global_colors_info=&#8221;{}&#8221;][et_pb_column_inner type=&#8221;1_3&#8243; saved_specialty_column_type=&#8221;3_4&#8243; _builder_version=&#8221;4.22.1&#8243; _module_preset=&#8221;default&#8221; global_colors_info=&#8221;{}&#8221;][et_pb_text admin_label=&#8221;PISTAS&#8221; _builder_version=&#8221;4.22.1&#8243; _module_preset=&#8221;default&#8221; global_colors_info=&#8221;{}&#8221;]<\/p>\n<ul style=\"list-style: none;\">\n<li><img loading=\"lazy\" decoding=\"async\" style=\"margin-right: 25px;\" class=\"wp-image-132 alignnone size-full\" src=\"https:\/\/catalunyapadelclub.evotic.pe\/wp-content\/uploads\/2023\/09\/tennis-ball_24.png\" alt=\"\" width=\"24\" height=\"24\" \/>PISTES<\/li>\n<li style=\"margin-left: 50px;\">Contem amb 6 pistes outdoor i 4 indoor<\/li>\n<\/ul>\n<p>[\/et_pb_text][\/et_pb_column_inner][et_pb_column_inner type=&#8221;1_3&#8243; saved_specialty_column_type=&#8221;3_4&#8243; _builder_version=&#8221;4.22.1&#8243; _module_preset=&#8221;default&#8221; global_colors_info=&#8221;{}&#8221;][et_pb_text admin_label=&#8221;PARKING&#8221; _builder_version=&#8221;4.22.1&#8243; _module_preset=&#8221;default&#8221; global_colors_info=&#8221;{}&#8221;]<\/p>\n<ul style=\"list-style: none;\">\n<li><img loading=\"lazy\" decoding=\"async\" style=\"margin-right: 25px;\" class=\"wp-image-132 alignnone size-full\" src=\"https:\/\/catalunyapadelclub.evotic.pe\/wp-content\/uploads\/2023\/09\/tennis-ball_24.png\" alt=\"\" width=\"24\" height=\"24\" \/>PARKING<\/li>\n<li style=\"margin-left: 50px;\">Parking gratu\u00eft dins les instal\u00b7lacions per a 200 cotxes<\/li>\n<\/ul>\n<p>[\/et_pb_text][\/et_pb_column_inner][et_pb_column_inner type=&#8221;1_3&#8243; saved_specialty_column_type=&#8221;3_4&#8243; _builder_version=&#8221;4.22.1&#8243; _module_preset=&#8221;default&#8221; global_colors_info=&#8221;{}&#8221;][et_pb_text admin_label=&#8221;BAR RESTAURANTE&#8221; _builder_version=&#8221;4.22.1&#8243; _module_preset=&#8221;default&#8221; global_colors_info=&#8221;{}&#8221;]<\/p>\n<ul style=\"list-style: none;\">\n<li><img loading=\"lazy\" decoding=\"async\" style=\"margin-right: 25px;\" class=\"wp-image-132 alignnone size-full\" src=\"https:\/\/catalunyapadelclub.evotic.pe\/wp-content\/uploads\/2023\/09\/tennis-ball_24.png\" alt=\"\" width=\"24\" height=\"24\" \/>BAR RESTAURANT<\/li>\n<li style=\"margin-left: 50px;\">Terrassa amb vistes als camps de futbol i pistes de p\u00e0del<\/li>\n<\/ul>\n<p>[\/et_pb_text][\/et_pb_column_inner][\/et_pb_row_inner][\/et_pb_column][\/et_pb_section][et_pb_section fb_built=&#8221;1&#8243; disabled_on=&#8221;off|off|off&#8221; _builder_version=&#8221;4.22.1&#8243; _module_preset=&#8221;default&#8221; global_colors_info=&#8221;{}&#8221;][et_pb_row column_structure=&#8221;2_5,3_5&#8243; disabled_on=&#8221;off|off|off&#8221; _builder_version=&#8221;4.22.1&#8243; _module_preset=&#8221;default&#8221; width=&#8221;100%&#8221; width_tablet=&#8221;80%&#8221; width_phone=&#8221;80%&#8221; width_last_edited=&#8221;on|tablet&#8221; max_width=&#8221;1200px&#8221; global_colors_info=&#8221;{}&#8221;][et_pb_column type=&#8221;2_5&#8243; _builder_version=&#8221;4.22.1&#8243; _module_preset=&#8221;default&#8221; global_colors_info=&#8221;{}&#8221;][et_pb_text admin_label=&#8221;Localizaci\u00f3n&#8221; _builder_version=&#8221;4.22.1&#8243; _module_preset=&#8221;default&#8221; global_colors_info=&#8221;{}&#8221;]<\/p>\n<h6>Localitzaci\u00f3<\/h6>\n<p><span style=\"color: #1d1d1d;\"><a style=\"color: #1d1d1d;\" href=\"https:\/\/www.google.es\/maps\/place\/Passeig+de+la+Florida,+08130,+Barcelona\/@41.5286005,2.1840746,17z\/data=!3m1!4b1!4m6!3m5!1s0x12a4bef70844fcfd:0xf5918dc29827c701!8m2!3d41.5285965!4d2.1866495!16s%2Fg%2F1hg447ly6?entry=ttu\">Passeig de la Florida n\u00ba39.<\/a><\/span><br \/><span style=\"color: #1d1d1d;\">Santa Perp\u00e8tua de Mogoda (08130)<\/span><br \/><span style=\"color: #1d1d1d;\">Barcelona<\/span><\/p>\n<p>[\/et_pb_text][et_pb_button button_url=&#8221;https:\/\/www.google.es\/maps\/place\/Passeig+de+la+Florida,+08130,+Barcelona\/@41.5286005,2.1840746,17z\/data=!3m1!4b1!4m6!3m5!1s0x12a4bef70844fcfd:0xf5918dc29827c701!8m2!3d41.5285965!4d2.1866495!16s%2Fg%2F1hg447ly6?entry=ttu&#8221; button_text=&#8221;VEURE EL MAPA&#8221; button_alignment=&#8221;left&#8221; admin_label=&#8221;Bot\u00f3n &#8211; VER EL MAPA&#8221; _builder_version=&#8221;4.22.1&#8243; _module_preset=&#8221;default&#8221; custom_button=&#8221;on&#8221; button_text_color=&#8221;#000000&#8243; button_bg_color=&#8221;rgba(219,219,219,0)&#8221; button_border_color=&#8221;RGBA(255,255,255,0)&#8221; button_icon=&#8221;&#x24;||divi||400&#8243; button_on_hover=&#8221;off&#8221; custom_padding=&#8221;|0px||0px|false|false&#8221; locked=&#8221;off&#8221; global_colors_info=&#8221;{}&#8221;][\/et_pb_button][\/et_pb_column][et_pb_column type=&#8221;3_5&#8243; _builder_version=&#8221;4.22.1&#8243; _module_preset=&#8221;default&#8221; global_colors_info=&#8221;{}&#8221;][et_pb_code admin_label=&#8221;Google maps&#8221; _builder_version=&#8221;4.22.1&#8243; _module_preset=&#8221;default&#8221; global_colors_info=&#8221;{}&#8221;]<iframe src=\"https:\/\/www.google.com\/maps\/embed?pb=!1m18!1m12!1m3!1d2986.8772041319735!2d2.184074576506844!3d41.52860048722342!2m3!1f0!2f0!3f0!3m2!1i1024!2i768!4f13.1!3m3!1m2!1s0x12a4bef70844fcfd%3A0xf5918dc29827c701!2sPasseig%20de%20la%20Florida%2C%2008130%2C%20Barcelona!5e0!3m2!1ses!2ses!4v1694779783748!5m2!1ses!2ses\" width=\"600\" height=\"450\" style=\"border:0;\" allowfullscreen=\"\" loading=\"lazy\" referrerpolicy=\"no-referrer-when-downgrade\"><\/iframe>[\/et_pb_code][\/et_pb_column][\/et_pb_row][\/et_pb_section]<\/p>\n","protected":false},"excerpt":{"rendered":"<p>El CentreCatalunya P\u00e0del ClubEl teu club de ref\u00e8renciaAvantatges delClub PISTES Contem amb 6 pistes outdoor i 4 indoor PARKING Parking gratu\u00eft dins les instal\u00b7lacions per a 200 cotxes BAR RESTAURANT Terrassa amb vistes als camps de futbol i pistes de p\u00e0del Localitzaci\u00f3 Passeig de la Florida n\u00ba39.Santa Perp\u00e8tua de Mogoda (08130)Barcelona<\/p>\n","protected":false},"author":1,"featured_media":0,"parent":0,"menu_order":0,"comment_status":"closed","ping_status":"closed","template":"","meta":{"_et_pb_use_builder":"on","_et_pb_old_content":"","_et_gb_content_width":"","footnotes":""},"class_list":["post-561","page","type-page","status-publish","hentry"],"_links":{"self":[{"href":"https:\/\/catalunyapadelclub.evotic.pe\/ca\/wp-json\/wp\/v2\/pages\/561","targetHints":{"allow":["GET"]}}],"collection":[{"href":"https:\/\/catalunyapadelclub.evotic.pe\/ca\/wp-json\/wp\/v2\/pages"}],"about":[{"href":"https:\/\/catalunyapadelclub.evotic.pe\/ca\/wp-json\/wp\/v2\/types\/page"}],"author":[{"embeddable":true,"href":"https:\/\/catalunyapadelclub.evotic.pe\/ca\/wp-json\/wp\/v2\/users\/1"}],"replies":[{"embeddable":true,"href":"https:\/\/catalunyapadelclub.evotic.pe\/ca\/wp-json\/wp\/v2\/comments?post=561"}],"version-history":[{"count":5,"href":"https:\/\/catalunyapadelclub.evotic.pe\/ca\/wp-json\/wp\/v2\/pages\/561\/revisions"}],"predecessor-version":[{"id":575,"href":"https:\/\/catalunyapadelclub.evotic.pe\/ca\/wp-json\/wp\/v2\/pages\/561\/revisions\/575"}],"wp:attachment":[{"href":"https:\/\/catalunyapadelclub.evotic.pe\/ca\/wp-json\/wp\/v2\/media?parent=561"}],"curies":[{"name":"wp","href":"https:\/\/api.w.org\/{rel}","templated":true}]}}