{"id":640,"date":"2023-09-18T11:53:12","date_gmt":"2023-09-18T09:53:12","guid":{"rendered":"https:\/\/catalunyapadelclub.evotic.pe\/contacto\/"},"modified":"2023-10-26T15:27:08","modified_gmt":"2023-10-26T13:27:08","slug":"contacte","status":"publish","type":"page","link":"https:\/\/catalunyapadelclub.evotic.pe\/ca\/contacte\/","title":{"rendered":"Contacte"},"content":{"rendered":"<p>[et_pb_section fb_built=&#8221;1&#8243; _builder_version=&#8221;4.22.1&#8243; _module_preset=&#8221;default&#8221; global_colors_info=&#8221;{}&#8221;][et_pb_row _builder_version=&#8221;4.22.1&#8243; _module_preset=&#8221;default&#8221; global_colors_info=&#8221;{}&#8221;][et_pb_column type=&#8221;4_4&#8243; _builder_version=&#8221;4.22.1&#8243; _module_preset=&#8221;default&#8221; global_colors_info=&#8221;{}&#8221;][et_pb_text admin_label=&#8221;T\u00edtulo + texto&#8221; _builder_version=&#8221;4.22.1&#8243; _module_preset=&#8221;default&#8221; header_2_font_size=&#8221;42px&#8221; header_2_font_size_tablet=&#8221;32px&#8221; header_2_font_size_phone=&#8221;24px&#8221; header_2_font_size_last_edited=&#8221;on|phone&#8221; global_colors_info=&#8221;{}&#8221;]<\/p>\n<h2 class=\"size1-text\" style=\"text-align: center;\"><strong>Contacte Catalunya P\u00e0del<\/strong><\/h2>\n<h2 class=\"size1-text\" style=\"text-align: center;\"><strong>Club<\/strong><\/h2>\n<p class=\"paragraph-70\" style=\"text-align: center;\">Contacta&#8217;ns per a qualsevol dubte que puguis tenir, pots trucar-nos,<br \/> escriure&#8217;ns un e-mail o omplir el formulari<\/p>\n<p>[\/et_pb_text][\/et_pb_column][\/et_pb_row][et_pb_row column_structure=&#8221;1_2,1_2&#8243; custom_padding_last_edited=&#8221;on|tablet&#8221; _builder_version=&#8221;4.22.1&#8243; _module_preset=&#8221;default&#8221; custom_padding=&#8221;67px|67px|67px|67px|false|false&#8221; custom_padding_tablet=&#8221;20px|20px|20px|20px|false|false&#8221; custom_padding_phone=&#8221;20px|20px|20px|20px|false|false&#8221; border_width_all=&#8221;1px&#8221; border_color_all=&#8221;#ebedee&#8221; global_colors_info=&#8221;{}&#8221;][et_pb_column type=&#8221;1_2&#8243; _builder_version=&#8221;4.22.1&#8243; _module_preset=&#8221;default&#8221; global_colors_info=&#8221;{}&#8221;][et_pb_text admin_label=&#8221;Catalunya P\u00e0del Club&#8221; _builder_version=&#8221;4.22.1&#8243; _module_preset=&#8221;default&#8221; global_colors_info=&#8221;{}&#8221;]<\/p>\n<h2><strong>Catalunya P\u00e0del Club<\/strong><\/h2>\n<p><span style=\"color: #18181d;\"><a style=\"color: #18181d;\" href=\"https:\/\/www.google.es\/maps\/place\/Passeig+de+la+Florida,+08130,+Barcelona\/@41.5286005,2.1840746,17z\/data=!3m1!4b1!4m6!3m5!1s0x12a4bef70844fcfd:0xf5918dc29827c701!8m2!3d41.5285965!4d2.1866495!16s%2Fg%2F1hg447ly6?entry=ttu\">Passeig de la Florida n\u00ba39. Santa Perp\u00e8tua de Mogoda <span style=\"color: #18181d;\">(08130)<\/span> Barcelona<\/a><\/span><\/p>\n<p>[\/et_pb_text][et_pb_text admin_label=&#8221;LL\u00c1MANOS&#8221; _builder_version=&#8221;4.22.1&#8243; _module_preset=&#8221;default&#8221; global_colors_info=&#8221;{}&#8221;]<\/p>\n<h6>TRUCAN&#8217;S<\/h6>\n<p><span style=\"color: #18181d;\"><a class=\"size5-link\" style=\"color: #18181d;\" href=\"tel:676864881\">Recepci\u00f3n: 676 864 881<\/a><\/span><\/p>\n<p><span style=\"color: #18181d;\"><a class=\"size5-link\" style=\"color: #18181d;\" href=\"tel:676677742\">Coordinaci\u00f3 deportiva: 676 677 742<\/a><\/span><\/p>\n<p><span style=\"color: #18181d;\"><a class=\"size5-link\" style=\"color: #18181d;\" href=\"tel:695327417\">Bar Restaurant: 695 327 417<\/a><\/span><\/p>\n<p>[\/et_pb_text][et_pb_text admin_label=&#8221;ESCR\u00cdBENOS&#8221; _builder_version=&#8221;4.22.1&#8243; _module_preset=&#8221;default&#8221; global_colors_info=&#8221;{}&#8221;]<\/p>\n<h6>ESCRIU-NOS<\/h6>\n<p><span style=\"color: #18181d;\"><a class=\"size5-link\" style=\"color: #18181d;\" href=\"mailto:info@catalunyapadelclub.com\">info@catalunyapadelclub.com<\/a><\/span><\/p>\n<p>[\/et_pb_text][\/et_pb_column][et_pb_column type=&#8221;1_2&#8243; _builder_version=&#8221;4.22.1&#8243; _module_preset=&#8221;default&#8221; global_colors_info=&#8221;{}&#8221;][et_pb_code admin_label=&#8221;Formulario de contacto Contact Form&#8221; _builder_version=&#8221;4.22.1&#8243; _module_preset=&#8221;default&#8221; hover_enabled=&#8221;0&#8243; global_colors_info=&#8221;{}&#8221; sticky_enabled=&#8221;0&#8243;]\n<div class=\"wpcf7 no-js\" id=\"wpcf7-f659-o1\" lang=\"es-ES\" dir=\"ltr\">\n<div class=\"screen-reader-response\"><p role=\"status\" aria-live=\"polite\" aria-atomic=\"true\"><\/p> <ul><\/ul><\/div>\n<form action=\"\/ca\/wp-json\/wp\/v2\/pages\/640#wpcf7-f659-o1\" method=\"post\" class=\"wpcf7-form init\" aria-label=\"Formulario de contacto\" novalidate=\"novalidate\" data-status=\"init\">\n<div style=\"display: none;\">\n<input type=\"hidden\" name=\"_wpcf7\" value=\"659\" \/>\n<input type=\"hidden\" name=\"_wpcf7_version\" value=\"5.8.4\" \/>\n<input type=\"hidden\" name=\"_wpcf7_locale\" value=\"es_ES\" \/>\n<input type=\"hidden\" name=\"_wpcf7_unit_tag\" value=\"wpcf7-f659-o1\" \/>\n<input type=\"hidden\" name=\"_wpcf7_container_post\" value=\"0\" \/>\n<input type=\"hidden\" name=\"_wpcf7_posted_data_hash\" value=\"\" \/>\n<\/div>\n<div class=\"formulario\">\n\t<div class=\"nombre\">\n\t\t<p><label for=\"nombre\"><span class=\"wpcf7-form-control-wrap\" data-name=\"your-name\"><input size=\"40\" class=\"wpcf7-form-control wpcf7-text wpcf7-validates-as-required\" id=\"nombre\" autocomplete=\"name\" aria-required=\"true\" aria-invalid=\"false\" placeholder=\"Nom complet\" value=\"\" type=\"text\" name=\"your-name\" \/><\/span> <\/label>\n\t\t<\/p>\n\t<\/div>\n\t<div class=\"email\">\n\t\t<p><label for=\"email\"><span class=\"wpcf7-form-control-wrap\" data-name=\"your-email\"><input size=\"40\" class=\"wpcf7-form-control wpcf7-email wpcf7-validates-as-required wpcf7-text wpcf7-validates-as-email\" id=\"email\" autocomplete=\"email\" aria-required=\"true\" aria-invalid=\"false\" placeholder=\"E-mail\" value=\"\" type=\"email\" name=\"your-email\" \/><\/span><\/label>\n\t\t<\/p>\n\t<\/div>\n\t<div class=\"text-area\">\n\t\t<p><label for=\"text-area\"><span class=\"wpcf7-form-control-wrap\" data-name=\"text-area\"><textarea cols=\"40\" rows=\"10\" class=\"wpcf7-form-control wpcf7-textarea wpcf7-validates-as-required\" id=\"text-area\" aria-required=\"true\" aria-invalid=\"false\" placeholder=\"Missatge\" name=\"text-area\"><\/textarea><\/span><\/label>\n\t\t<\/p>\n\t<\/div>\n\t<div class=\"enviar\">\n\t\t<p><input class=\"wpcf7-form-control wpcf7-submit has-spinner\" type=\"submit\" value=\"ENVIAR\" \/>\n\t\t<\/p>\n\t<\/div>\n<\/div><div class=\"wpcf7-response-output\" aria-hidden=\"true\"><\/div>\n<\/form>\n<\/div>\n[\/et_pb_code][\/et_pb_column][\/et_pb_row][et_pb_row _builder_version=&#8221;4.22.1&#8243; _module_preset=&#8221;default&#8221; global_colors_info=&#8221;{}&#8221;][et_pb_column type=&#8221;4_4&#8243; _builder_version=&#8221;4.22.1&#8243; _module_preset=&#8221;default&#8221; global_colors_info=&#8221;{}&#8221;][et_pb_code admin_label=&#8221;Google maps&#8221; _builder_version=&#8221;4.22.1&#8243; _module_preset=&#8221;default&#8221; global_colors_info=&#8221;{}&#8221;]<iframe src=\"https:\/\/www.google.com\/maps\/embed?pb=!1m18!1m12!1m3!1d2986.986569047558!2d2.187635815762688!3d41.52623157925182!2m3!1f0!2f0!3f0!3m2!1i1024!2i768!4f13.1!3m3!1m2!1s0x0%3A0xb398464fba7683cc!2zNDHCsDMxJzM0LjQiTiAywrAxMScyMy40IkU!5e0!3m2!1ses!2sus!4v1647282204992!5m2!1ses!2sus\" width=\"100%\" height=\"450\" style=\"border:0;\" allowfullscreen=\"\" loading=\"lazy\" referrerpolicy=\"no-referrer-when-downgrade\"><\/iframe>[\/et_pb_code][\/et_pb_column][\/et_pb_row][\/et_pb_section]<\/p>\n","protected":false},"excerpt":{"rendered":"<p>Contacte Catalunya P\u00e0del Club Contacta&#8217;ns per a qualsevol dubte que puguis tenir, pots trucar-nos, escriure&#8217;ns un e-mail o omplir el formulariCatalunya P\u00e0del Club Passeig de la Florida n\u00ba39. Santa Perp\u00e8tua de Mogoda (08130) BarcelonaTRUCAN&#8217;S Recepci\u00f3n: 676 864 881 Coordinaci\u00f3 deportiva: 676 677 742 Bar Restaurant: 695 327 417ESCRIU-NOS info@catalunyapadelclub.com\n<div class=\"wpcf7 no-js\" id=\"wpcf7-f659-o2\" lang=\"es-ES\" dir=\"ltr\">\n<div class=\"screen-reader-response\"><p role=\"status\" aria-live=\"polite\" aria-atomic=\"true\"><\/p> <ul><\/ul><\/div>\n<form action=\"\/ca\/wp-json\/wp\/v2\/pages\/640#wpcf7-f659-o2\" method=\"post\" class=\"wpcf7-form init\" aria-label=\"Formulario de contacto\" novalidate=\"novalidate\" data-status=\"init\">\n<div style=\"display: none;\">\n<input type=\"hidden\" name=\"_wpcf7\" value=\"659\" \/>\n<input type=\"hidden\" name=\"_wpcf7_version\" value=\"5.8.4\" \/>\n<input type=\"hidden\" name=\"_wpcf7_locale\" value=\"es_ES\" \/>\n<input type=\"hidden\" name=\"_wpcf7_unit_tag\" value=\"wpcf7-f659-o2\" \/>\n<input type=\"hidden\" name=\"_wpcf7_container_post\" value=\"0\" \/>\n<input type=\"hidden\" name=\"_wpcf7_posted_data_hash\" value=\"\" \/>\n<\/div>\n<div class=\"formulario\">\n\t<div class=\"nombre\">\n\t\t<p><label for=\"nombre\"><span class=\"wpcf7-form-control-wrap\" data-name=\"your-name\"><input size=\"40\" class=\"wpcf7-form-control wpcf7-text wpcf7-validates-as-required\" autocomplete=\"name\" aria-required=\"true\" aria-invalid=\"false\" placeholder=\"Nom complet\" value=\"\" type=\"text\" name=\"your-name\" \/><\/span> <\/label>\n\t\t<\/p>\n\t<\/div>\n\t<div class=\"email\">\n\t\t<p><label for=\"email\"><span class=\"wpcf7-form-control-wrap\" data-name=\"your-email\"><input size=\"40\" class=\"wpcf7-form-control wpcf7-email wpcf7-validates-as-required wpcf7-text wpcf7-validates-as-email\" autocomplete=\"email\" aria-required=\"true\" aria-invalid=\"false\" placeholder=\"E-mail\" value=\"\" type=\"email\" name=\"your-email\" \/><\/span><\/label>\n\t\t<\/p>\n\t<\/div>\n\t<div class=\"text-area\">\n\t\t<p><label for=\"text-area\"><span class=\"wpcf7-form-control-wrap\" data-name=\"text-area\"><textarea cols=\"40\" rows=\"10\" class=\"wpcf7-form-control wpcf7-textarea wpcf7-validates-as-required\" aria-required=\"true\" aria-invalid=\"false\" placeholder=\"Missatge\" name=\"text-area\"><\/textarea><\/span><\/label>\n\t\t<\/p>\n\t<\/div>\n\t<div class=\"enviar\">\n\t\t<p><input class=\"wpcf7-form-control wpcf7-submit has-spinner\" type=\"submit\" value=\"ENVIAR\" \/>\n\t\t<\/p>\n\t<\/div>\n<\/div><div class=\"wpcf7-response-output\" aria-hidden=\"true\"><\/div>\n<\/form>\n<\/div>\n<\/p>\n","protected":false},"author":1,"featured_media":0,"parent":0,"menu_order":0,"comment_status":"closed","ping_status":"closed","template":"","meta":{"_et_pb_use_builder":"on","_et_pb_old_content":"","_et_gb_content_width":"","footnotes":""},"class_list":["post-640","page","type-page","status-publish","hentry"],"_links":{"self":[{"href":"https:\/\/catalunyapadelclub.evotic.pe\/ca\/wp-json\/wp\/v2\/pages\/640","targetHints":{"allow":["GET"]}}],"collection":[{"href":"https:\/\/catalunyapadelclub.evotic.pe\/ca\/wp-json\/wp\/v2\/pages"}],"about":[{"href":"https:\/\/catalunyapadelclub.evotic.pe\/ca\/wp-json\/wp\/v2\/types\/page"}],"author":[{"embeddable":true,"href":"https:\/\/catalunyapadelclub.evotic.pe\/ca\/wp-json\/wp\/v2\/users\/1"}],"replies":[{"embeddable":true,"href":"https:\/\/catalunyapadelclub.evotic.pe\/ca\/wp-json\/wp\/v2\/comments?post=640"}],"version-history":[{"count":8,"href":"https:\/\/catalunyapadelclub.evotic.pe\/ca\/wp-json\/wp\/v2\/pages\/640\/revisions"}],"predecessor-version":[{"id":664,"href":"https:\/\/catalunyapadelclub.evotic.pe\/ca\/wp-json\/wp\/v2\/pages\/640\/revisions\/664"}],"wp:attachment":[{"href":"https:\/\/catalunyapadelclub.evotic.pe\/ca\/wp-json\/wp\/v2\/media?parent=640"}],"curies":[{"name":"wp","href":"https:\/\/api.w.org\/{rel}","templated":true}]}}